{"id":2012,"date":"2024-03-07T16:27:23","date_gmt":"2024-03-07T16:27:23","guid":{"rendered":"https:\/\/bidbalance.com\/?page_id=2012"},"modified":"2026-04-24T11:42:19","modified_gmt":"2026-04-24T11:42:19","slug":"home","status":"publish","type":"page","link":"https:\/\/bidbalance.com\/es\/","title":{"rendered":"Home"},"content":{"rendered":"\n<div class=\"wp-block-cover is-light wp-block-cover--home\" style=\"min-height:100vh;aspect-ratio:unset;\"><video class=\"wp-block-cover__video-background intrinsic-ignore\" autoplay muted loop playsinline src=\"https:\/\/bidbalance.com\/wp-content\/uploads\/2024\/05\/BB_HOME_VIDEO.min_.mp4\" data-object-fit=\"cover\"><\/video><span aria-hidden=\"true\" class=\"wp-block-cover__background has-background-background-color has-background-dim\"><\/span><div class=\"wp-block-cover__inner-container has-global-padding is-layout-constrained wp-container-core-cover-is-layout-12243e0f wp-block-cover-is-layout-constrained\">\n<h1 class=\"wp-block-heading has-text-align-center has-text-color has-link-color has-5-xl-font-size wp-elements-4c114541aa16dfa576f4de386e88919e\">Tu partner en publicidad program\u00e1tica<\/h1>\n\n\n\n<figure class=\"wp-block-image aligncenter size-large cta\"><a href=\"#welcome\"><img decoding=\"async\" width=\"119\" height=\"119\" src=\"https:\/\/bidbalance.com\/wp-content\/uploads\/2024\/03\/circle_arrow_down.svg\" alt=\"\" class=\"wp-image-84\"\/><\/a><\/figure>\n<\/div><\/div>\n\n\n\n<div style=\"height:120px\" aria-hidden=\"true\" id=\"welcome\" class=\"wp-block-spacer\"><\/div>\n\n\n\n<div class=\"wp-block-mentablocks-section c-section\" style=\"--bgColor:transparent\"><div class=\"c-section__wrapper | grid \"><div class=\"c-section__content\">\n<div class=\"wp-block-columns is-layout-flex wp-container-core-columns-is-layout-28f84493 wp-block-columns-is-layout-flex\">\n<div class=\"wp-block-column is-layout-flow wp-block-column-is-layout-flow\">\n<p>Antes de lanzar cualquier iniciativa de publicidad program\u00e1tica, realizamos una investigaci\u00f3n exhaustiva sobre tu p\u00fablico objetivo, analizamos los datos relevantes y trabajamos contigo para crear mensajes atractivos que conecten y cautiven a tu audiencia.<\/p>\n<\/div>\n\n\n\n<div class=\"wp-block-column is-layout-flow wp-block-column-is-layout-flow\">\n<p>En BidBalance colaboramos estrechamente contigo para aumentar tu visibilidad y diferenciarte de la competencia. As\u00f3ciate con nosotros para amplificar la presencia de tu marca y destacar en el din\u00e1mico entorno de la publicidad program\u00e1tica.<\/p>\n<\/div>\n<\/div>\n<\/div><\/div><\/div>\n\n\n\n<div class=\"wp-block-mentablocks-section c-section  c-section--image-over-container\" style=\"--bgColor:transparent\"><div class=\"c-section__wrapper | grid \"><div class=\"c-section__content\">\n<div class=\"wp-block-columns is-layout-flex wp-container-core-columns-is-layout-28f84493 wp-block-columns-is-layout-flex\">\n<div class=\"wp-block-column is-layout-flow wp-block-column-is-layout-flow\">\n<figure class=\"wp-block-image alignright size-full is-resized\"><img decoding=\"async\" width=\"1409\" height=\"993\" src=\"https:\/\/bidbalance.com\/wp-content\/uploads\/2024\/05\/Home_section_01.jpg\" alt=\"\" class=\"wp-image-691\" style=\"aspect-ratio:16\/9;object-fit:cover;width:auto;height:500px\" srcset=\"https:\/\/bidbalance.com\/wp-content\/uploads\/2024\/05\/Home_section_01.jpg 1409w, https:\/\/bidbalance.com\/wp-content\/uploads\/2024\/05\/Home_section_01-300x211.webp 300w, https:\/\/bidbalance.com\/wp-content\/uploads\/2024\/05\/Home_section_01-768x541.webp 768w\" sizes=\"(max-width: 1409px) 100vw, 1409px\" \/><\/figure>\n<\/div>\n\n\n\n<div class=\"wp-block-column is-vertically-aligned-center is-layout-flow wp-block-column-is-layout-flow\">\n<h2 class=\"wp-block-heading has-x-large-font-size\">Emprende un camino de innovaci\u00f3n con BidBalance<\/h2>\n\n\n\n<p>Comprometidos con superar los l\u00edmites, exploramos e implementamos constantemente tecnolog\u00edas y estrategias de vanguardia, asegurando que tus campa\u00f1as no solo est\u00e9n a la altura de las \u00faltimas tendencias, sino que tambi\u00e9n destaquen por su excelencia creativa.<\/p>\n<\/div>\n<\/div>\n\n\n\n<div style=\"height:100px\" aria-hidden=\"true\" class=\"wp-block-spacer\"><\/div>\n\n\n\n<div class=\"wp-block-columns is-layout-flex wp-container-core-columns-is-layout-28f84493 wp-block-columns-is-layout-flex\">\n<div class=\"wp-block-column is-layout-flow wp-block-column-is-layout-flow\" style=\"flex-basis:66.66%\">\n<h2 class=\"wp-block-heading has-x-large-font-size\">Descubre el poder de una alianza din\u00e1mica<\/h2>\n\n\n\n<p>BidBalance va m\u00e1s all\u00e1 de los est\u00e1ndares del sector, ofreciendo una colaboraci\u00f3n de primer nivel que pone tu \u00e9xito en el centro. Desde la innovaci\u00f3n m\u00e1s disruptiva hasta la creatividad estrat\u00e9gica, somos tu aliado colaborativo definitivo.<\/p>\n<\/div>\n\n\n\n<div class=\"wp-block-column is-layout-flow wp-block-column-is-layout-flow\" style=\"flex-basis:33.33%\"><\/div>\n<\/div>\n<\/div><\/div><\/div>\n\n\n\n<div class=\"wp-block-mentablocks-section c-section  no-border-radius\" style=\"--bgColor:transparent\"><div class=\"c-section__wrapper | grid c-section__wrapper--fullwidth\"><div class=\"c-section__content\">\n<figure class=\"wp-block-video alignfull gradient-v\"><video height=\"584\" style=\"aspect-ratio: 1440 \/ 584;\" width=\"1440\" autoplay loop muted preload=\"auto\" src=\"https:\/\/bidbalance.com\/wp-content\/uploads\/2024\/04\/Home_video_BB_section_horizontal.min_.mp4\"><\/video><\/figure>\n<\/div><\/div><\/div>\n\n\n\n<div style=\"height:120px\" aria-hidden=\"true\" class=\"wp-block-spacer\"><\/div>\n\n\n\n<div class=\"wp-block-mentablocks-section c-section\" style=\"--bgColor:transparent\"><div class=\"c-section__wrapper | grid \"><div class=\"c-section__content\">\n<div class=\"wp-block-columns is-layout-flex wp-container-core-columns-is-layout-28f84493 wp-block-columns-is-layout-flex\">\n<div class=\"wp-block-column c-sector-card is-layout-flow wp-block-column-is-layout-flow\">\n<h3 class=\"wp-block-heading has-medium-font-size\"><a href=\"https:\/\/bidbalance.com\/es\/servicios\/display\/\" data-type=\"link\" data-id=\"https:\/\/bidbalance.com\/es\/servicios\/display\/\">Display<\/a><\/h3>\n\n\n\n<p>Mejora la visibilidad de la marca con campa\u00f1as visuales mediante banners e im\u00e1genes para lograr una presencia en l\u00ednea efectiva, mayor reconocimiento y coherencia en el mensaje.<\/p>\n<\/div>\n\n\n\n<div class=\"wp-block-column c-sector-card is-layout-flow wp-block-column-is-layout-flow\">\n<h3 class=\"wp-block-heading has-medium-font-size\"><a href=\"https:\/\/bidbalance.com\/es\/servicios\/video\/\" data-type=\"link\" data-id=\"https:\/\/bidbalance.com\/es\/servicios\/video\/\">Video<\/a><\/h3>\n\n\n\n<p>Utiliza imagen, sonido y movimiento para crear campa\u00f1as multimedia impactantes que cuenten historias, muestren productos y generen conexiones emocionales con tu audiencia.<br><br><\/p>\n<\/div>\n\n\n\n<div class=\"wp-block-column c-sector-card is-layout-flow wp-block-column-is-layout-flow\">\n<h3 class=\"wp-block-heading has-medium-font-size\"><a href=\"https:\/\/bidbalance.com\/es\/servicios\/creatividades-interactivas\/\" data-type=\"link\" data-id=\"https:\/\/bidbalance.com\/es\/servicios\/creatividades-interactivas\/\">Creatividades Interactivas<\/a><\/h3>\n\n\n\n<p>Fomenta la interacci\u00f3n directa del usuario con campa\u00f1as que capten la atenci\u00f3n y transmitan el mensaje de marca de forma interactiva.<br><br><\/p>\n<\/div>\n<\/div>\n\n\n\n<div class=\"wp-block-columns is-layout-flex wp-container-core-columns-is-layout-28f84493 wp-block-columns-is-layout-flex\">\n<div class=\"wp-block-column c-sector-card is-layout-flow wp-block-column-is-layout-flow\">\n<h3 class=\"wp-block-heading has-medium-font-size\"><a href=\"https:\/\/bidbalance.com\/es\/servicios\/connected-tv\/\" data-type=\"link\" data-id=\"https:\/\/bidbalance.com\/es\/servicios\/connected-tv\/\">CTV (Connected TV)<\/a><\/h3>\n\n\n\n<p>Llega a las audiencias a trav\u00e9s de televisores conectados a internet para ofrecer una exposici\u00f3n de marca inmersiva y narrativas impactantes en gran formato.<\/p>\n<\/div>\n\n\n\n<div class=\"wp-block-column c-sector-card is-layout-flow wp-block-column-is-layout-flow\">\n<h3 class=\"wp-block-heading has-medium-font-size\"><a href=\"https:\/\/bidbalance.com\/es\/servicios\/audio\/\" data-type=\"link\" data-id=\"https:\/\/bidbalance.com\/es\/servicios\/audio\/\">Audio<\/a><\/h3>\n\n\n\n<p>Aprovecha los canales program\u00e1ticos para reforzar tu marca en plataformas como servicios de streaming y p\u00f3dcast, generando una conexi\u00f3n auditiva con tu audiencia.<br><br><\/p>\n<\/div>\n\n\n\n<div class=\"wp-block-column c-sector-card is-layout-flow wp-block-column-is-layout-flow\">\n<h3 class=\"wp-block-heading has-medium-font-size\"><div class=\"sector--title\"><a href=\"https:\/\/bidbalance.com\/es\/servicios\/native\/\" data-type=\"link\" data-id=\"https:\/\/bidbalance.com\/es\/servicios\/native\/\">Native<\/a><\/div><\/h3>\n\n\n\n<p>Int\u00e9grate de forma natural en el contenido de la plataforma con mensajes de marca no intrusivos que se adapten al contexto.<\/p>\n<\/div>\n<\/div>\n\n\n\n<div class=\"wp-block-columns is-layout-flex wp-container-core-columns-is-layout-28f84493 wp-block-columns-is-layout-flex\">\n<div class=\"wp-block-column c-sector-card is-layout-flow wp-block-column-is-layout-flow\">\n<p><mark style=\"background-color:rgba(0, 0, 0, 0)\" class=\"has-inline-color has-accent-3-color\"><a href=\"https:\/\/bidbalance.com\/es\/servicios\/dooh\/\"><strong>DOOH (Digital Out Of Home)<\/strong><\/a><\/mark><\/p>\n\n\n\n<p>Conecta tu marca con miles de personas en su d\u00eda a d\u00eda gracias al DOOH (Digital Out of Home), la publicidad digital exterior que multiplica tu alcance y refuerza tu presencia omnicanal.<\/p>\n<\/div>\n\n\n\n<div class=\"wp-block-column c-sector-card is-layout-flow wp-block-column-is-layout-flow\">\n<h3 class=\"wp-block-heading has-medium-font-size\"><a href=\"https:\/\/bidbalance.com\/es\/servicios\/creatividades-gamificadas\/\" data-type=\"link\" data-id=\"https:\/\/bidbalance.com\/es\/servicios\/creatividades-gamificadas\/\">Creatividades gamificadas<\/a><\/h3>\n\n\n\n<p>Involucra a los usuarios con elementos interactivos y entretenidos que aumenten el recuerdo de marca y fomenten asociaciones positivas.<\/p>\n<\/div>\n\n\n\n<div class=\"wp-block-column c-sector-card is-layout-flow wp-block-column-is-layout-flow\">\n<h3 class=\"wp-block-heading has-medium-font-size\"><div class=\"sector--title\"><a href=\"https:\/\/bidbalance.com\/es\/servicios\/skins\/\" data-type=\"link\" data-id=\"https:\/\/bidbalance.com\/es\/servicios\/skins\/\">Skins<\/a><\/div><\/h3>\n\n\n\n<p>Crea una experiencia visual inmersiva con superposiciones de marca en sitios web o aplicaciones, asociando tu marca a un entorno o tem\u00e1tica concreta.<\/p>\n<\/div>\n<\/div>\n<\/div><\/div><\/div>\n\n\n\n<div class=\"wp-block-mentablocks-section c-section\" style=\"--bgColor:transparent\"><div class=\"c-section__wrapper | grid \"><div class=\"c-section__header c-section__header--alignleft\"><h2 class=\"c-section__header__subtitle\">Otros formatos<\/h2><\/div><div class=\"c-section__content\">\n<div class=\"wp-block-columns is-layout-flex wp-container-core-columns-is-layout-28f84493 wp-block-columns-is-layout-flex\">\n<div class=\"wp-block-column c-sector-card is-layout-flow wp-block-column-is-layout-flow\">\n<h3 class=\"wp-block-heading has-medium-font-size\" style=\"margin-bottom:var(--wp--preset--spacing--40)\"><mark style=\"background-color:rgba(0, 0, 0, 0)\" class=\"has-inline-color has-accent-3-color\"><a href=\"https:\/\/bidbalance.com\/es\/servicios\/creatividades-gamificadas\/\" data-type=\"dmcpt_service\" data-id=\"1731\">Publicidad In-Game<\/a><\/mark><\/h3>\n\n\n\n<p>Integra mensajes de marca dentro de los videojuegos para llegar a una audiencia altamente comprometida y conectar con la cultura gamer.<br><br><\/p>\n<\/div>\n\n\n\n<div class=\"wp-block-column c-sector-card is-layout-flow wp-block-column-is-layout-flow\">\n<h3 class=\"wp-block-heading has-medium-font-size\" style=\"margin-bottom:var(--wp--preset--spacing--40)\"><a href=\"https:\/\/bidbalance.com\/es\/servicios\/special-actions-onoff\/\" data-type=\"link\" data-id=\"https:\/\/bidbalance.com\/es\/servicios\/special-actions-onoff\/\">Acciones especiales on &amp; off<\/a><\/h3>\n\n\n\n<p>Implementa iniciativas \u00fanicas online y offline, como eventos exclusivos, colaboraciones y promociones, para generar expectaci\u00f3n y una sensaci\u00f3n de exclusividad.<\/p>\n<\/div>\n<\/div>\n\n\n\n<div class=\"wp-block-columns is-layout-flex wp-container-core-columns-is-layout-28f84493 wp-block-columns-is-layout-flex\">\n<div class=\"wp-block-column c-sector-card is-layout-flow wp-block-column-is-layout-flow\">\n<h3 class=\"wp-block-heading has-medium-font-size\" style=\"margin-bottom:var(--wp--preset--spacing--40)\"><a href=\"https:\/\/bidbalance.com\/es\/servicios\/vr\/\" data-type=\"link\" data-id=\"https:\/\/bidbalance.com\/es\/servicios\/vr\/\">VR (Realidad Virtual)<\/a><\/h3>\n\n\n\n<p>Sumerge a los usuarios en entornos virtuales para ofrecer experiencias de marca memorables e interactivas que generen conexiones m\u00e1s profundas.<br><br><\/p>\n<\/div>\n\n\n\n<div class=\"wp-block-column c-sector-card is-layout-flow wp-block-column-is-layout-flow\">\n<h3 class=\"wp-block-heading has-medium-font-size\" style=\"margin-bottom:var(--wp--preset--spacing--40)\"><a href=\"https:\/\/bidbalance.com\/es\/servicios\/dcos\/\">DCOs (Dynamic Creative Optimization)<\/a><\/h3>\n\n\n\n<p>Personaliza el contenido publicitario en tiempo real seg\u00fan el comportamiento del usuario para aumentar el engagement y la relevancia de marca.<\/p>\n<\/div>\n<\/div>\n<\/div><\/div><\/div>\n\n\n\n<div class=\"wp-block-mentablocks-section c-section\" style=\"--bgColor:transparent\"><div class=\"c-section__wrapper | grid c-section__wrapper--fullwidth\"><div class=\"c-section__content\">\n<div class=\"wp-block-columns is-layout-flex wp-container-core-columns-is-layout-87535699 wp-block-columns-is-layout-flex\" style=\"margin-top:0;margin-bottom:0;padding-top:0;padding-right:0;padding-bottom:0;padding-left:0\">\n<div class=\"wp-block-column has-global-padding is-content-justification-right is-layout-constrained wp-container-core-column-is-layout-6896b380 wp-block-column-is-layout-constrained\" style=\"padding-top:0;padding-right:0;padding-bottom:0;padding-left:0;flex-basis:100%\"><a href=\"https:\/\/bidbalance.com\/es\/clientes\/agencia\/\"    style=\"padding-right:var(--wp--preset--spacing--50);padding-left:var(--wp--preset--spacing--50);padding-top:0;padding-bottom:0;\" class=\"u-no-link-style u-hover-bg-accent wp-block-tiptip-hyperlink-group-block\" >\n<div class=\"wp-block-group is-content-justification-right is-nowrap is-layout-flex wp-container-core-group-is-layout-ca07ac7e wp-block-group-is-layout-flex\" style=\"min-height:0px;padding-top:var(--wp--preset--spacing--20);padding-bottom:var(--wp--preset--spacing--20)\">\n<div class=\"wp-block-group wp-container-content-d0f1e62e is-vertical is-content-justification-center is-layout-flex wp-container-core-group-is-layout-9f7363d4 wp-block-group-is-layout-flex\" style=\"min-height:500px;padding-top:var(--wp--preset--spacing--70);padding-right:var(--wp--preset--spacing--70);padding-bottom:var(--wp--preset--spacing--70);padding-left:var(--wp--preset--spacing--70)\">\n<h2 class=\"wp-block-heading has-text-align-center has-large-font-size\">Soy una AGENCIA<\/h2>\n\n\n\n<p class=\"has-text-align-center wp-container-content-d50df0bc\">Participemos en una conversaci\u00f3n colaborativa para explorar todo lo que podemos lograr juntos.<\/p>\n\n\n\n<div class=\"wp-block-buttons is-content-justification-center is-layout-flex wp-container-core-buttons-is-layout-a89b3969 wp-block-buttons-is-layout-flex\">\n\n<div class=\"wp-block-button is-style-primary-small\"><span class=\"wp-block-button__link wp-element-button\" href=\"https:\/\/bidbalance.com\/es\/clientes\/agencia\/\">M\u00e1s informaci\u00f3n<\/span><\/div>\n\n<\/div>\n<\/div>\n<\/div>\n<\/a><\/div>\n\n\n\n<div class=\"wp-block-column has-global-padding is-content-justification-left is-layout-constrained wp-container-core-column-is-layout-f327ae59 wp-block-column-is-layout-constrained\" style=\"padding-top:0;padding-right:0;padding-bottom:0;padding-left:0;flex-basis:100%\"><a href=\"https:\/\/bidbalance.com\/es\/clientes\/anunciante\/\" rel=\"\/advertiser\/\"   style=\"padding-top:0;padding-bottom:0;padding-left:var(--wp--preset--spacing--50);padding-right:var(--wp--preset--spacing--50);margin-top:0;margin-bottom:0;\" class=\"u-no-link-style u-hover-bg-accent wp-block-tiptip-hyperlink-group-block\" >\n<div class=\"wp-block-group is-content-justification-left is-nowrap is-layout-flex wp-container-core-group-is-layout-2b1bd72f wp-block-group-is-layout-flex\" style=\"min-height:0px;padding-top:var(--wp--preset--spacing--20);padding-bottom:var(--wp--preset--spacing--20)\">\n<div class=\"wp-block-group wp-container-content-d0f1e62e is-vertical is-content-justification-center is-layout-flex wp-container-core-group-is-layout-9f7363d4 wp-block-group-is-layout-flex\" style=\"min-height:500px;padding-top:var(--wp--preset--spacing--70);padding-right:var(--wp--preset--spacing--70);padding-bottom:var(--wp--preset--spacing--70);padding-left:var(--wp--preset--spacing--70)\">\n<h2 class=\"wp-block-heading has-text-align-center has-large-font-size\">Soy un ANUNCIANTE<\/h2>\n\n\n\n<p class=\"has-text-align-center wp-container-content-d50df0bc\">Tanto si tu objetivo son hitos de marca como metas de rendimiento, en BidBalance estamos aqu\u00ed para ayudarte a alcanzarlos. Descubre todo lo que podemos lograr juntos.<\/p>\n\n\n\n<div class=\"wp-block-buttons is-content-justification-center is-layout-flex wp-container-core-buttons-is-layout-a89b3969 wp-block-buttons-is-layout-flex\">\n\n<div class=\"wp-block-button is-style-primary-small\"><span class=\"wp-block-button__link wp-element-button\" href=\"https:\/\/bidbalance.com\/es\/clientes\/anunciante\/\">m\u00e1s informaci\u00f3n<\/span><\/div>\n\n<\/div>\n<\/div>\n<\/div>\n<\/a><\/div>\n<\/div>\n\n\n\n<figure class=\"wp-block-image size-full no-border-radius\"><img decoding=\"async\" width=\"2560\" height=\"1086\" src=\"https:\/\/bidbalance.com\/wp-content\/uploads\/2024\/05\/Home_section_02-scaled.webp\" alt=\"\" class=\"wp-image-699\" srcset=\"https:\/\/bidbalance.com\/wp-content\/uploads\/2024\/05\/Home_section_02-scaled.webp 2560w, https:\/\/bidbalance.com\/wp-content\/uploads\/2024\/05\/Home_section_02-300x127.webp 300w, https:\/\/bidbalance.com\/wp-content\/uploads\/2024\/05\/Home_section_02-768x326.webp 768w, https:\/\/bidbalance.com\/wp-content\/uploads\/2024\/05\/Home_section_02-1536x651.webp 1536w, https:\/\/bidbalance.com\/wp-content\/uploads\/2024\/05\/Home_section_02-2048x868.webp 2048w\" sizes=\"(max-width: 2560px) 100vw, 2560px\" \/><\/figure>\n<\/div><\/div><\/div>\n\n\n\n<div class=\"wp-block-mentablocks-section c-section\" style=\"--bgColor:transparent\"><div class=\"c-section__wrapper | grid \"><div class=\"c-section__header c-section__header--alignleft\"><h2 class=\"c-section__header__subtitle\">Soluciones<\/h2><p class=\"c-section__header__description\">Nuestra gama de soluciones est\u00e1 dise\u00f1ada meticulosamente para responder a las diversas necesidades de los negocios modernos, ofreciendo una hoja de ruta hacia el crecimiento y la excelencia. Traza tu camino hacia la excelencia digital con insights estrat\u00e9gicos y consultor\u00eda experta adaptada al din\u00e1mico entorno del adtech.<\/p><\/div><div class=\"c-section__content\">\n<div class=\"wp-block-columns is-layout-flex wp-container-core-columns-is-layout-28f84493 wp-block-columns-is-layout-flex\">\n<div class=\"wp-block-column is-layout-flow wp-block-column-is-layout-flow\">\n<h3 class=\"wp-block-heading has-medium-font-size\" style=\"margin-top:var(--wp--preset--spacing--30);margin-bottom:var(--wp--preset--spacing--30)\">BRANDING<\/h3>\n\n\n\n<p>Eleva tu identidad y deja una impresi\u00f3n duradera con nuestras estrategias de branding personalizadas.<\/p>\n<\/div>\n\n\n\n<div class=\"wp-block-column is-layout-flow wp-block-column-is-layout-flow\">\n<h3 class=\"wp-block-heading has-medium-font-size\" style=\"margin-top:var(--wp--preset--spacing--30);margin-bottom:var(--wp--preset--spacing--30)\">PERFORMANCE<\/h3>\n\n\n\n<p>Nos especializamos en estrategias orientadas a objetivos que maximizan las conversiones y garantizan que tu marca destaque en el competitivo entorno digital.<\/p>\n<\/div>\n\n\n\n<div class=\"wp-block-column is-layout-flow wp-block-column-is-layout-flow\">\n<h3 class=\"wp-block-heading has-medium-font-size\" style=\"margin-top:var(--wp--preset--spacing--30);margin-bottom:var(--wp--preset--spacing--30)\">B2C<\/h3>\n\n\n\n<p>Construye alianzas s\u00f3lidas y navega con \u00e9xito el complejo terreno B2B con nuestras soluciones especializadas, dise\u00f1adas para generar leads de calidad.<\/p>\n<\/div>\n\n\n\n<div class=\"wp-block-column is-layout-flow wp-block-column-is-layout-flow\">\n<h3 class=\"wp-block-heading has-medium-font-size\" style=\"margin-top:var(--wp--preset--spacing--30);margin-bottom:var(--wp--preset--spacing--30)\">B2B<\/h3>\n\n\n\n<p>Conquista a tu audiencia con estrategias que conectan y generan v\u00ednculos significativos en el entorno de consumo.<\/p>\n<\/div>\n<\/div>\n<\/div><\/div><\/div>\n\n\n\n<div class=\"wp-block-mentablocks-section c-section\" style=\"--bgColor:transparent\"><div class=\"c-section__wrapper | grid c-section__wrapper--fullwidth\"><div class=\"c-section__header c-section__header--aligncenter\"><h2 class=\"c-section__header__subtitle\">Clientes<\/h2><\/div><div class=\"c-section__content\"><\/div><\/div><\/div>\n\n\n\n<div class=\"wp-block-mentablocks-section c-section  c-section--image-over-container\" style=\"--bgColor:transparent\"><div class=\"c-section__wrapper | grid \"><div class=\"c-section__content\">\n<div class=\"wp-block-columns is-layout-flex wp-container-core-columns-is-layout-ec2e7a44 wp-block-columns-is-layout-flex\" style=\"padding-top:0;padding-bottom:0\">\n<div class=\"wp-block-column is-vertically-aligned-center is-layout-flow wp-block-column-is-layout-flow\" style=\"padding-top:var(--wp--preset--spacing--70);padding-right:var(--wp--preset--spacing--70);padding-bottom:var(--wp--preset--spacing--70);padding-left:var(--wp--preset--spacing--70)\">\n<h2 class=\"wp-block-heading has-large-font-size\">En BidBalance nos adaptamos con rapidez, evolucionamos constantemente y fomentamos la innovaci\u00f3n cada d\u00eda.<\/h2>\n\n\n\n<p><\/p>\n<\/div>\n\n\n\n<div class=\"wp-block-column is-layout-flow wp-block-column-is-layout-flow\">\n<figure class=\"wp-block-image alignleft size-full\"><img decoding=\"async\" width=\"1409\" height=\"993\" src=\"https:\/\/bidbalance.com\/wp-content\/uploads\/2024\/05\/Home_section_03.jpg\" alt=\"\" class=\"wp-image-701\" srcset=\"https:\/\/bidbalance.com\/wp-content\/uploads\/2024\/05\/Home_section_03.jpg 1409w, https:\/\/bidbalance.com\/wp-content\/uploads\/2024\/05\/Home_section_03-300x211.webp 300w, https:\/\/bidbalance.com\/wp-content\/uploads\/2024\/05\/Home_section_03-768x541.webp 768w\" sizes=\"(max-width: 1409px) 100vw, 1409px\" \/><\/figure>\n<\/div>\n<\/div>\n<\/div><\/div><\/div>\n\n\n\n<div class=\"wp-block-mentablocks-section c-section\" style=\"--bgColor:transparent\"><div class=\"c-section__wrapper | grid \"><div class=\"c-section__header c-section__header--aligncenter\"><h2 class=\"c-section__header__subtitle\">Blog &amp; \u00daltimas noticias<\/h2><\/div><div class=\"c-section__content\"><\/div><\/div><\/div>\n\n\n\n<div class=\"wp-block-mentablocks-section c-section\" style=\"--bgColor:transparent\"><div class=\"c-section__wrapper | grid c-section__wrapper--fullwidth\"><div class=\"c-section__header c-section__header--aligncenter\"><h2 class=\"c-section__header__subtitle\">\u00bfHablamos?<\/h2><p class=\"c-section__header__description\">Colabora con nosotros para inspirar la creatividad y hacer avanzar tu empresa digital.<\/p><\/div><div class=\"c-section__content\"><\/div><\/div><\/div>\n\n\n\n<div class=\"wp-block-group alignwide c-fittext is-layout-flow wp-block-group-is-layout-flow\">\n<div class=\"wp-block-group alignfull c-fittext__text is-content-justification-center is-nowrap is-layout-flex wp-container-core-group-is-layout-23441af8 wp-block-group-is-layout-flex\">\n<p class=\"has-text-align-center\">CONTACTO<\/p>\n<\/div>\n\n\n\n<div class=\"wp-block-buttons c-fittext__buttons is-layout-flex wp-block-buttons-is-layout-flex\">\n<div class=\"wp-block-button c-fittext__buttons__button is-style-fill is-style-fill--1\"><a class=\"wp-block-button__link has-white-background-color has-background wp-element-button\" href=\"https:\/\/bidbalance.com\/es\/contacto\/\">Hablemos<\/a><\/div>\n<\/div>\n<\/div>\n","protected":false},"excerpt":{"rendered":"<p>CONTACTO<\/p>\n","protected":false},"author":1,"featured_media":0,"parent":0,"menu_order":0,"comment_status":"closed","ping_status":"closed","template":"","meta":{"_acf_changed":false,"footnotes":""},"class_list":["post-2012","page","type-page","status-publish","hentry"],"acf":[],"_links":{"self":[{"href":"https:\/\/bidbalance.com\/es\/wp-json\/wp\/v2\/pages\/2012","targetHints":{"allow":["GET"]}}],"collection":[{"href":"https:\/\/bidbalance.com\/es\/wp-json\/wp\/v2\/pages"}],"about":[{"href":"https:\/\/bidbalance.com\/es\/wp-json\/wp\/v2\/types\/page"}],"author":[{"embeddable":true,"href":"https:\/\/bidbalance.com\/es\/wp-json\/wp\/v2\/users\/1"}],"replies":[{"embeddable":true,"href":"https:\/\/bidbalance.com\/es\/wp-json\/wp\/v2\/comments?post=2012"}],"version-history":[{"count":60,"href":"https:\/\/bidbalance.com\/es\/wp-json\/wp\/v2\/pages\/2012\/revisions"}],"predecessor-version":[{"id":5377,"href":"https:\/\/bidbalance.com\/es\/wp-json\/wp\/v2\/pages\/2012\/revisions\/5377"}],"wp:attachment":[{"href":"https:\/\/bidbalance.com\/es\/wp-json\/wp\/v2\/media?parent=2012"}],"curies":[{"name":"wp","href":"https:\/\/api.w.org\/{rel}","templated":true}]}}