{"id":2047,"date":"2024-03-28T14:45:59","date_gmt":"2024-03-28T14:45:59","guid":{"rendered":"https:\/\/bidbalance.com\/?page_id=2047"},"modified":"2025-10-15T14:24:49","modified_gmt":"2025-10-15T14:24:49","slug":"aviso-legal","status":"publish","type":"page","link":"https:\/\/bidbalance.com\/es\/aviso-legal\/","title":{"rendered":"Aviso legal"},"content":{"rendered":"\n<div class=\"wp-block-mentablocks-section c-section\" style=\"--bgColor:transparent\"><div class=\"c-section__wrapper | grid \"><div class=\"c-section__header c-section__header--alignleft\"><h2 class=\"c-section__header__subtitle\">Aviso legal<\/h2><\/div><div class=\"c-section__content\">\n<p><\/p>\n\n\n\n<h2 class=\"wp-block-heading\">1. <strong>Datos identificativos<\/strong><\/h2>\n\n\n\n<p>En cumplimiento con el deber de informaci\u00f3n establecido en el art\u00edculo 10 de la Ley 34\/2002, de 11 de julio, de Servicios de la Sociedad de la Informaci\u00f3n y de Comercio Electr\u00f3nico, se reflejan a continuaci\u00f3n los siguientes datos: la empresa titular del dominio web es Zazen Digital S.L. (en adelante, BidBalance), con domicilio a estos efectos en Torre Picasso, Plaza Pablo Ruiz Picasso, 1, Tetu\u00e1n, 28020 Madrid, y N.I.F. B88249529, inscrita en el Registro Mercantil de Madrid.\u00a0<\/p>\n\n\n\n<h2 class=\"wp-block-heading\">2. <strong>Usuarios<\/strong><\/h2>\n\n\n\n<p>El acceso y\/o uso de este portal de BidBalance atribuye la condici\u00f3n de USUARIO, que acepta desde dicho acceso y\/o uso las Condiciones Generales de Uso aqu\u00ed reflejadas. Las citadas condiciones se aplicar\u00e1n independientemente de las Condiciones Generales de Contrataci\u00f3n que, en su caso, resulten obligatorias.<\/p>\n\n\n\n<h2 class=\"wp-block-heading\"><strong>3. Uso del portal<\/strong><\/h2>\n\n\n\n<p>www.bidbalance.com proporciona acceso a multitud de informaciones, servicios, programas o datos (en adelante, \u201clos contenidos\u201d) en Internet pertenecientes a BidBalance o a sus licenciantes a los que el USUARIO pueda tener acceso.<br>El USUARIO asume la responsabilidad del uso del portal, extendi\u00e9ndose dicha responsabilidad al registro que fuese necesario para acceder a determinados servicios o contenidos.<\/p>\n\n\n\n<p>En dicho registro, el USUARIO ser\u00e1 responsable de aportar informaci\u00f3n veraz y l\u00edcita. Como consecuencia de este registro, se podr\u00e1 proporcionar al USUARIO una contrase\u00f1a de la que ser\u00e1 responsable, comprometi\u00e9ndose a hacer un uso diligente y confidencial de la misma.<\/p>\n\n\n\n<p>El USUARIO se compromete a hacer un uso adecuado de los contenidos y servicios (como servicios de chat, foros de discusi\u00f3n o grupos de noticias) que BidBalance ofrece a trav\u00e9s de su portal, y con car\u00e1cter enunciativo pero no limitativo, a no emplearlos para:<br>(i) realizar actividades il\u00edcitas, ilegales o contrarias a la buena fe y al orden p\u00fablico;<br>(ii) difundir contenidos o propaganda de car\u00e1cter racista, xen\u00f3fobo, pornogr\u00e1fico-ilegal, de apolog\u00eda del terrorismo o que atente contra los derechos humanos;<br>(iii) provocar da\u00f1os en los sistemas f\u00edsicos y l\u00f3gicos de BidBalance, de sus proveedores o de terceros, introducir o difundir virus inform\u00e1ticos o cualesquiera otros sistemas f\u00edsicos o l\u00f3gicos que sean susceptibles de provocar los da\u00f1os anteriormente mencionados;<br>(iv) intentar acceder y, en su caso, utilizar las cuentas de correo electr\u00f3nico de otros usuarios y modificar o manipular sus mensajes.<\/p>\n\n\n\n<p>BidBalance se reserva el derecho a retirar todos aquellos comentarios y aportaciones que vulneren el respeto a la dignidad de la persona, que sean discriminatorios, xen\u00f3fobos, racistas, pornogr\u00e1ficos, que atenten contra la juventud o la infancia, el orden o la seguridad p\u00fablica o que, a su juicio, no resulten adecuados para su publicaci\u00f3n. En cualquier caso, BidBalance no ser\u00e1 responsable de las opiniones vertidas por los usuarios a trav\u00e9s de foros, chats u otras herramientas de participaci\u00f3n.<\/p>\n\n\n\n<h2 class=\"wp-block-heading\"><strong>4. Protecci\u00f3n de datos<\/strong><\/h2>\n\n\n\n<p>BidBalance cumple con las directrices de la Ley Org\u00e1nica 15\/1999, de 13 de diciembre, de Protecci\u00f3n de Datos de Car\u00e1cter Personal, el Real Decreto 1720\/2007, de 21 de diciembre, por el que se aprueba su Reglamento de desarrollo, y dem\u00e1s normativa vigente en cada momento, velando por garantizar un correcto uso y tratamiento de los datos personales del usuario.<\/p>\n\n\n\n<p>A tal fin, junto a cada formulario de recogida de datos personales en los servicios que el usuario pueda solicitar a info@bidbalance.com, se informar\u00e1 al usuario de la existencia y aceptaci\u00f3n de las condiciones particulares del tratamiento de sus datos en cada caso, indic\u00e1ndole la responsabilidad del fichero creado, la direcci\u00f3n del responsable, la posibilidad de ejercer sus derechos de acceso, rectificaci\u00f3n, cancelaci\u00f3n u oposici\u00f3n, la finalidad del tratamiento y las eventuales comunicaciones de datos a terceros.<\/p>\n\n\n\n<p>Asimismo, BidBalance informa que da cumplimiento a lo dispuesto en la Ley 34\/2002, de 11 de julio, de Servicios de la Sociedad de la Informaci\u00f3n y de Comercio Electr\u00f3nico, y solicitar\u00e1 su consentimiento para el tratamiento de su correo electr\u00f3nico con fines comerciales en cada momento.<\/p>\n\n\n\n<h2 class=\"wp-block-heading\"><strong>5. Propiedad intelectual<\/strong><\/h2>\n\n\n\n<p>BidBalance, por s\u00ed o como cesionaria, es titular de todos los derechos de propiedad intelectual e industrial de su p\u00e1gina web, as\u00ed como de los elementos contenidos en la misma (a t\u00edtulo enunciativo: im\u00e1genes, sonido, audio, v\u00eddeo, software, textos, marcas o logotipos, combinaciones de colores, estructura y dise\u00f1o, selecci\u00f3n de materiales usados, programas de ordenador necesarios para su funcionamiento, acceso y uso, etc.), titularidad de BidBalance o de sus licenciantes.<\/p>\n\n\n\n<p>Todos los derechos reservados. En virtud de lo dispuesto en los art\u00edculos 8 y 32.1, segundo p\u00e1rrafo, de la Ley de Propiedad Intelectual, queda expresamente prohibida la reproducci\u00f3n, distribuci\u00f3n y comunicaci\u00f3n p\u00fablica, incluida su modalidad de puesta a disposici\u00f3n, de la totalidad o parte de los contenidos de esta p\u00e1gina web con fines comerciales, en cualquier soporte y por cualquier medio t\u00e9cnico, sin la autorizaci\u00f3n de BidBalance.<\/p>\n\n\n\n<p>El USUARIO se compromete a respetar los derechos de Propiedad Intelectual e Industrial titularidad de BidBalance. Podr\u00e1 visualizar los elementos del portal e incluso imprimirlos, copiarlos y almacenarlos en el disco duro de su ordenador o en cualquier otro soporte f\u00edsico, siempre y cuando sea \u00fanica y exclusivamente para su uso personal y privado. El USUARIO deber\u00e1 abstenerse de suprimir, alterar, eludir o manipular cualquier dispositivo de protecci\u00f3n o sistema de seguridad que estuviera instalado en las p\u00e1ginas de BidBalance.<\/p>\n\n\n\n<h2 class=\"wp-block-heading\"><strong>6. Exclusi\u00f3n de garant\u00edas y responsabilidad<\/strong><\/h2>\n\n\n\n<p>BidBalance no se hace responsable, en ning\u00fan caso, de los da\u00f1os y perjuicios de cualquier naturaleza que pudieran ocasionarse, a t\u00edtulo enunciativo: errores u omisiones en los contenidos, falta de disponibilidad del portal o la transmisi\u00f3n de virus o programas maliciosos o lesivos en los contenidos, a pesar de haber adoptado todas las medidas tecnol\u00f3gicas necesarias para evitarlo.<\/p>\n\n\n\n<h2 class=\"wp-block-heading\"><strong>7. Modificaciones<\/strong><\/h2>\n\n\n\n<p>BidBalance se reserva el derecho de efectuar, sin previo aviso, las modificaciones que considere oportunas en su portal, pudiendo cambiar, suprimir o a\u00f1adir tanto los contenidos y servicios que se presten a trav\u00e9s de este como la forma en que estos aparezcan presentados o localizados en el portal.<\/p>\n\n\n\n<h2 class=\"wp-block-heading\"><strong>8. Links<\/strong><\/h2>\n\n\n\n<p>En el caso de que www.bidbalance.com contenga enlaces o hiperv\u00ednculos hacia otros sitios de Internet, BidBalance no ejercer\u00e1 ning\u00fan tipo de control sobre dichos sitios y contenidos. En ning\u00fan caso BidBalance asumir\u00e1 responsabilidad alguna por los contenidos de alg\u00fan enlace perteneciente a un sitio web ajeno, ni garantizar\u00e1 la disponibilidad t\u00e9cnica, calidad, fiabilidad, exactitud, amplitud, veracidad o validez de cualquier material o informaci\u00f3n contenida en tales hiperv\u00ednculos u otros sitios de Internet.<\/p>\n\n\n\n<p>La inclusi\u00f3n de estas conexiones externas no implicar\u00e1 ning\u00fan tipo de asociaci\u00f3n, fusi\u00f3n o participaci\u00f3n con las entidades conectadas.<\/p>\n\n\n\n<h2 class=\"wp-block-heading\"><strong>9. Derecho de exclusi\u00f3n<\/strong><\/h2>\n\n\n\n<p>BidBalance se reserva el derecho a denegar o retirar el acceso al portal y\/o a los servicios ofrecidos, sin necesidad de preaviso, a instancia propia o de un tercero, a aquellos usuarios que incumplan las presentes Condiciones Generales de Uso.<\/p>\n\n\n\n<h2 class=\"wp-block-heading\"><strong>10. Generalidades<\/strong><\/h2>\n\n\n\n<p>BidBalance perseguir\u00e1 el incumplimiento de las presentes condiciones as\u00ed como cualquier utilizaci\u00f3n indebida de su portal, ejerciendo todas las acciones civiles y penales que le puedan corresponder en derecho.<\/p>\n\n\n\n<h2 class=\"wp-block-heading\"><strong>11. Modificaci\u00f3n de las condiciones y duraci\u00f3n<\/strong><\/h2>\n\n\n\n<p>BidBalance podr\u00e1 modificar en cualquier momento las condiciones aqu\u00ed determinadas, siendo debidamente publicadas tal como aparecen. La vigencia de dichas condiciones depender\u00e1 de su exposici\u00f3n y estar\u00e1n en vigor hasta que sean modificadas por otras debidamente publicadas.<\/p>\n\n\n\n<h2 class=\"wp-block-heading\"><strong>12. Legislaci\u00f3n aplicable y jurisdicci\u00f3n<\/strong><\/h2>\n\n\n\n<p>La relaci\u00f3n entre BidBalance y el USUARIO se regir\u00e1 por la normativa espa\u00f1ola vigente y cualquier controversia se someter\u00e1 a los Juzgados y Tribunales de la ciudad de Madrid.<\/p>\n\n\n\n<p><sub>Legal Notice written following the: Spanish Web Legal Notice Model.<\/sub><\/p>\n<\/div><\/div><\/div>\n\n\n\n<p><\/p>\n","protected":false},"excerpt":{"rendered":"","protected":false},"author":9,"featured_media":0,"parent":0,"menu_order":0,"comment_status":"closed","ping_status":"closed","template":"","meta":{"_acf_changed":false,"footnotes":""},"class_list":["post-2047","page","type-page","status-publish","hentry"],"acf":[],"_links":{"self":[{"href":"https:\/\/bidbalance.com\/es\/wp-json\/wp\/v2\/pages\/2047","targetHints":{"allow":["GET"]}}],"collection":[{"href":"https:\/\/bidbalance.com\/es\/wp-json\/wp\/v2\/pages"}],"about":[{"href":"https:\/\/bidbalance.com\/es\/wp-json\/wp\/v2\/types\/page"}],"author":[{"embeddable":true,"href":"https:\/\/bidbalance.com\/es\/wp-json\/wp\/v2\/users\/9"}],"replies":[{"embeddable":true,"href":"https:\/\/bidbalance.com\/es\/wp-json\/wp\/v2\/comments?post=2047"}],"version-history":[{"count":3,"href":"https:\/\/bidbalance.com\/es\/wp-json\/wp\/v2\/pages\/2047\/revisions"}],"predecessor-version":[{"id":2812,"href":"https:\/\/bidbalance.com\/es\/wp-json\/wp\/v2\/pages\/2047\/revisions\/2812"}],"wp:attachment":[{"href":"https:\/\/bidbalance.com\/es\/wp-json\/wp\/v2\/media?parent=2047"}],"curies":[{"name":"wp","href":"https:\/\/api.w.org\/{rel}","templated":true}]}}