{"id":2811,"date":"2024-03-28T14:46:43","date_gmt":"2024-03-28T14:46:43","guid":{"rendered":"https:\/\/bidbalance.com\/?page_id=2811"},"modified":"2025-10-17T10:29:58","modified_gmt":"2025-10-17T10:29:58","slug":"cookie-policy","status":"publish","type":"page","link":"https:\/\/bidbalance.com\/es\/cookie-policy\/","title":{"rendered":"Pol\u00edtica de Cookies"},"content":{"rendered":"\n<div class=\"wp-block-mentablocks-section c-section\" style=\"--bgColor:transparent\"><div class=\"c-section__wrapper | grid \"><div class=\"c-section__header c-section__header--alignleft\"><h2 class=\"c-section__header__subtitle\">Pol\u00edtica de Cookies<\/h2><\/div><div class=\"c-section__content\">\n<h2 class=\"wp-block-heading\">\u00bfQu\u00e9 son las cookies?<\/h2>\n\n\n\n<p>Esta Pol\u00edtica de Cookies explica qu\u00e9 son las cookies y c\u00f3mo las utilizamos, los tipos de cookies que usamos (es decir, la informaci\u00f3n que recopilamos mediante cookies y c\u00f3mo se utiliza dicha informaci\u00f3n), as\u00ed como la forma de gestionar la configuraci\u00f3n de las cookies.<\/p>\n\n\n\n<p>Las cookies son peque\u00f1os archivos de texto que se utilizan para almacenar peque\u00f1as cantidades de informaci\u00f3n. Se guardan en tu dispositivo cuando el sitio web se carga en tu navegador. Estas cookies nos ayudan a que el sitio web funcione correctamente, sea m\u00e1s seguro, ofrezca una mejor experiencia de usuario y nos permitan comprender c\u00f3mo funciona el sitio web y analizar qu\u00e9 aspectos funcionan bien y cu\u00e1les necesitan mejoras.and to analyze what works and where it needs improvement.<\/p>\n\n\n\n<h2 class=\"wp-block-heading\">\u00bfC\u00f3mo usamos las cookies?<\/h2>\n\n\n\n<p>Como la mayor\u00eda de los servicios en l\u00ednea, nuestro sitio web utiliza cookies propias y de terceros para diversos fines. Las cookies propias son principalmente necesarias para que el sitio web funcione correctamente y no recopilan ninguno de tus datos personales identificables.<\/p>\n\n\n\n<p>Las cookies de terceros que se utilizan en nuestro sitio web se emplean principalmente para comprender c\u00f3mo funciona el sitio, c\u00f3mo interact\u00faas con \u00e9l, mantener nuestros servicios seguros, ofrecerte anuncios relevantes y, en general, brindarte una mejor y m\u00e1s optimizada experiencia de usuario, adem\u00e1s de ayudar a agilizar tus futuras interacciones con nuestro sitio web.<\/p>\n\n\n\n<h2 class=\"wp-block-heading\">Tipos de cookies que utilizamos<\/h2>\n\n\n\n<div class=\"cky-audit-table-element\"><\/div>\n\n\n\n<h2 class=\"wp-block-heading\">Gestionar preferencias de cookies<\/h2>\n\n\n\n<p><\/p>\n\n\n\n<div class=\"wp-block-buttons is-layout-flex wp-block-buttons-is-layout-flex\">\n<div class=\"wp-block-button cky-banner-element is-style-primary-small\"><a class=\"wp-block-button__link wp-element-button\">Cookie settings<\/a><\/div>\n<\/div>\n\n\n\n<p><\/p>\n\n\n\n<p>Puedes cambiar tus preferencias de cookies en cualquier momento haciendo clic en el bot\u00f3n de arriba. Esto te permitir\u00e1 volver a ver el banner de consentimiento de cookies y modificar tus preferencias o retirar tu consentimiento de inmediato.<\/p>\n\n\n\n<p>Adem\u00e1s, los distintos navegadores ofrecen diferentes m\u00e9todos para bloquear y eliminar las cookies utilizadas por los sitios web. Puedes cambiar la configuraci\u00f3n de tu navegador para bloquear o eliminar las cookies. A continuaci\u00f3n, se incluyen los enlaces a los documentos de soporte sobre c\u00f3mo gestionar y eliminar cookies en los principales navegadores web.<\/p>\n\n\n\n<p>Chrome:&nbsp;<a href=\"https:\/\/support.google.com\/accounts\/answer\/32050\" target=\"_blank\" rel=\"noreferrer noopener nofollow\">https:\/\/support.google.com\/accounts\/answer\/32050<\/a><\/p>\n\n\n\n<p>Safari:&nbsp;<a href=\"https:\/\/support.apple.com\/en-in\/guide\/safari\/sfri11471\/mac\" target=\"_blank\" rel=\"noreferrer noopener nofollow\">https:\/\/support.apple.com\/en-in\/guide\/safari\/sfri11471\/mac<\/a><\/p>\n\n\n\n<p>Firefox:&nbsp;<a href=\"https:\/\/support.mozilla.org\/en-US\/kb\/clear-cookies-and-site-data-firefox?redirectslug=delete-cookies-remove-info-websites-stored&amp;redirectlocale=en-US\" target=\"_blank\" rel=\"noreferrer noopener nofollow\">https:\/\/support.mozilla.org\/en-US\/kb\/clear-cookies-and-site-data-firefox?redirectslug=delete-cookies-remove-info-websites-stored&amp;redirectlocale=en-US<\/a><\/p>\n\n\n\n<p>Internet Explorer:&nbsp;<a href=\"https:\/\/support.microsoft.com\/en-us\/topic\/how-to-delete-cookie-files-in-internet-explorer-bca9446f-d873-78de-77ba-d42645fa52fc\" target=\"_blank\" rel=\"noreferrer noopener nofollow\">https:\/\/support.microsoft.com\/en-us\/topic\/how-to-delete-cookie-files-in-internet-explorer-bca9446f-d873-78de-77ba-d42645fa52fc<\/a><\/p>\n\n\n\n<p>Si est\u00e1s utilizando alg\u00fan otro navegador web, por favor visita los documentos de soporte oficiales de tu navegador.<\/p>\n<\/div><\/div><\/div>\n","protected":false},"excerpt":{"rendered":"","protected":false},"author":1,"featured_media":0,"parent":0,"menu_order":0,"comment_status":"closed","ping_status":"closed","template":"","meta":{"_acf_changed":false,"footnotes":""},"class_list":["post-2811","page","type-page","status-publish","hentry"],"acf":[],"_links":{"self":[{"href":"https:\/\/bidbalance.com\/es\/wp-json\/wp\/v2\/pages\/2811","targetHints":{"allow":["GET"]}}],"collection":[{"href":"https:\/\/bidbalance.com\/es\/wp-json\/wp\/v2\/pages"}],"about":[{"href":"https:\/\/bidbalance.com\/es\/wp-json\/wp\/v2\/types\/page"}],"author":[{"embeddable":true,"href":"https:\/\/bidbalance.com\/es\/wp-json\/wp\/v2\/users\/1"}],"replies":[{"embeddable":true,"href":"https:\/\/bidbalance.com\/es\/wp-json\/wp\/v2\/comments?post=2811"}],"version-history":[{"count":4,"href":"https:\/\/bidbalance.com\/es\/wp-json\/wp\/v2\/pages\/2811\/revisions"}],"predecessor-version":[{"id":3078,"href":"https:\/\/bidbalance.com\/es\/wp-json\/wp\/v2\/pages\/2811\/revisions\/3078"}],"wp:attachment":[{"href":"https:\/\/bidbalance.com\/es\/wp-json\/wp\/v2\/media?parent=2811"}],"curies":[{"name":"wp","href":"https:\/\/api.w.org\/{rel}","templated":true}]}}